{"id":13,"date":"2020-04-01T20:52:09","date_gmt":"2020-04-01T20:52:09","guid":{"rendered":"http:\/\/adventa-events.de\/?page_id=13"},"modified":"2023-08-14T21:45:10","modified_gmt":"2023-08-14T21:45:10","slug":"kontakt","status":"publish","type":"page","link":"http:\/\/adventa-events.de\/?page_id=13","title":{"rendered":"Kontakt"},"content":{"rendered":"\n<p>Sabine Gerke-Hochd\u00f6rffer<\/p>\n\n\n\n<p>+43 172 6871863<br><a href=\"mailto:sgerke@adventa-events.de\">sgerke@adventa-events.de<\/a><\/p>\n\n\n\n<p><\/p>\n\n\n\n<p>D\u00e9sir\u00e9e Leupold<\/p>\n\n\n\n<p>+49 151 22660630<\/p>\n\n\n\n<p><a href=\"mailto:dleupold@adventa-events.de\">dleupold@adventa-events.de<\/a><\/p>\n","protected":false},"excerpt":{"rendered":"<p>Sabine Gerke-Hochd\u00f6rffer +43 172 6871863sgerke@adventa-events.de D\u00e9sir\u00e9e Leupold +49 151 22660630 dleupold@adventa-events.de<\/p>\n","protected":false},"author":1,"featured_media":0,"parent":0,"menu_order":0,"comment_status":"closed","ping_status":"closed","template":"","meta":{"footnotes":""},"_links":{"self":[{"href":"http:\/\/adventa-events.de\/index.php?rest_route=\/wp\/v2\/pages\/13"}],"collection":[{"href":"http:\/\/adventa-events.de\/index.php?rest_route=\/wp\/v2\/pages"}],"about":[{"href":"http:\/\/adventa-events.de\/index.php?rest_route=\/wp\/v2\/types\/page"}],"author":[{"embeddable":true,"href":"http:\/\/adventa-events.de\/index.php?rest_route=\/wp\/v2\/users\/1"}],"replies":[{"embeddable":true,"href":"http:\/\/adventa-events.de\/index.php?rest_route=%2Fwp%2Fv2%2Fcomments&post=13"}],"version-history":[{"count":4,"href":"http:\/\/adventa-events.de\/index.php?rest_route=\/wp\/v2\/pages\/13\/revisions"}],"predecessor-version":[{"id":111,"href":"http:\/\/adventa-events.de\/index.php?rest_route=\/wp\/v2\/pages\/13\/revisions\/111"}],"wp:attachment":[{"href":"http:\/\/adventa-events.de\/index.php?rest_route=%2Fwp%2Fv2%2Fmedia&parent=13"}],"curies":[{"name":"wp","href":"https:\/\/api.w.org\/{rel}","templated":true}]}}